{"id":487,"date":"2021-05-08T13:46:35","date_gmt":"2021-05-08T13:46:35","guid":{"rendered":"https:\/\/preview.treethemes.com\/hazel5\/demo1clean\/?page_id=483"},"modified":"2025-11-21T14:12:29","modified_gmt":"2025-11-21T13:12:29","slug":"entreprises","status":"publish","type":"page","link":"https:\/\/cevenord-besseges.com\/index.php\/entreprises\/","title":{"rendered":"ENTREPRISES"},"content":{"rendered":"<div class=\"wpb-content-wrapper\"><p>[vc_row][vc_column][vc_empty_space height=\u00a0\u00bb30px\u00a0\u00bb][\/vc_column][\/vc_row][vc_row css=\u00a0\u00bb.vc_custom_1481908155292{padding-right: 0px !important;padding-left: 0px !important;}\u00a0\u00bb][vc_column]<style type='text\/css'>#cbpw-wrap54 {margin:0px 0px 0px 0px;}#cbpw-grid54 .cbp-l-caption-title {color:#fff;background-color:transparent;font-size:18px;font-family:Mulish;font-weight:800;font-style:normal;line-height:20px;text-align:center;padding:0px 0px 0px 0px;margin:31% 0px 0px 0px;text-transform:capitalize;}#cbpw-grid54 .cbp-l-caption-desc {color:#ababab;background-color:transparent;font-size:13px;font-family:Mulish;font-weight:400;font-style:normal;line-height:13px;text-align:center;padding:0px 0px 0px 0px;margin:5px 0px 0px 0px;text-transform:none;}#cbpw-grid54 .cbp-caption-activeWrap {background-color:#101010;}#cbpw-filters53 .cbp-filter-item {background-color:transparent;border-width:0px;border-style:none;border-color:transparent;border-radius:0;color:#949494;font-size:13px;font-family:Open Sans;font-weight:600;font-style:normal;line-height:21px;margin:0px 0px 10px 0px;padding:0px 12px 0px 12px;text-transform:uppercase;}#cbpw-filters53 .cbp-filter-item:hover {background-color:transparent;border-width:0px;border-style:none;border-color:transparent;border-radius:0;color:#1f1f1f;font-size:13px;font-family:Open Sans;font-weight:600;font-style:normal;line-height:21px;margin:0px 0px 10px 0px;padding:0px 12px 0px 12px;text-transform:uppercase;}#cbpw-filters53 .cbp-filter-item.cbp-filter-item-active {background-color:transparent;border-width:0px;border-style:none;border-color:transparent;border-radius:0;color:#1f1f1f;font-size:13px;font-family:Open Sans;font-weight:600;font-style:normal;line-height:21px;margin:0px 0px 10px 0px;padding:0px 12px 0px 12px;text-transform:uppercase;}#cbpw-filters53 .cbp-filter-item.cbp-filter-item-active:hover {background-color:transparent;border-width:0px;border-style:none;border-color:transparent;border-radius:0;color:#1f1f1f;font-size:13px;font-family:Open Sans;font-weight:600;font-style:normal;line-height:21px;margin:0px 0px 10px 0px;padding:0px 12px 0px 12px;text-transform:uppercase;}#cbpw-filters53 .cbp-filter-counter {background-color:#626161;color:#fff;font-size:11px;font-family:Open Sans,sans-serif;font-weight:400;font-style:normal;line-height:18px;padding:4px 0px 4px 0px;}#cbpw-filters53 .cbp-filter-counter:after {border-color:#626161 transparent;}#cbpw-loadMore54 .cbp-l-loadMore-link {color:#212121;background-color:transparent;border-width:2px 2px 2px 2px;border-style:solid;border-color:#303030;font-size:12px;font-family:Montserrat,sans-serif;font-weight:600;font-style:normal;line-height:34px;text-align:center;padding:0px 30px 0px 30px;margin:40px 0px 0px 0px;text-transform:none;}#cbpw-loadMore54 .cbp-l-loadMore-link:hover {color:#212121;background-color:transparent;border-width:2px 2px 2px 2px;border-style:solid;border-color:#303030;font-size:12px;font-family:Montserrat,sans-serif;font-weight:600;font-style:normal;line-height:34px;text-align:center;padding:0px 30px 0px 30px;margin:40px 0px 0px 0px;text-transform:none;}#cbpw-loadMore54 .cbp-l-loadMore-loading {color:#212121;background-color:transparent;border-width:2px 2px 2px 2px;border-style:solid;border-color:#303030;font-size:12px;font-family:Montserrat,sans-serif;font-weight:600;font-style:normal;line-height:34px;text-align:center;padding:0px 30px 0px 30px;margin:40px 0px 0px 0px;text-transform:none;}#cbpw-loadMore54 .cbp-l-loadMore-loading:hover {color:#212121;background-color:transparent;border-width:2px 2px 2px 2px;border-style:solid;border-color:#303030;font-size:12px;font-family:Montserrat,sans-serif;font-weight:600;font-style:normal;line-height:34px;text-align:center;padding:0px 30px 0px 30px;margin:40px 0px 0px 0px;text-transform:none;}#cbpw-loadMore54 .cbp-l-loadMore-stop {color:#B0B0B0;background-color:transparent;border-width:1px 1px 1px 1px;border-style:solid;border-color:#DEDEDE;font-size:12px;font-family:Montserrat,sans-serif;font-weight:600;font-style:normal;line-height:34px;text-align:center;padding:0px 30px 0px 30px;margin:40px 0px 0px 0px;text-transform:none;}#cbpw-loadMore54 .cbp-l-loadMore-stop:hover {color:#B0B0B0;background-color:transparent;border-width:1px 1px 1px 1px;border-style:solid;border-color:#DEDEDE;font-size:12px;font-family:Montserrat,sans-serif;font-weight:600;font-style:normal;line-height:34px;text-align:center;padding:0px 30px 0px 30px;margin:40px 0px 0px 0px;text-transform:none;}#cbpw-singlePage54 .cbp-popup-navigation-wrap {background-color:#34425C;}#cbpw-singlePage54 .cbp-popup-singlePage-counter {color:#bbc0df;font-size:13px;font-family:Open Sans;font-weight:400;font-style:normal;}<\/style><link rel=\"stylesheet\" href=\"\/\/fonts.googleapis.com\/css?family=Open+Sans:600normal,400normal\" type=\"text\/css\" media=\"all\" property=\"stylesheet\"><link rel=\"stylesheet\" href=\"\/\/fonts.googleapis.com\/css?family=Montserrat:600normal\" type=\"text\/css\" media=\"all\" property=\"stylesheet\"><div id=\"cbpw-wrap54\"><div id=\"cbpw-grid54\" class=\"cbp-l-grid-gallery cbp\"><div><div class=\"cbp-item des-project gallery cbp-ratio-even\" data-cbp-coverratio=\"4:3\"><a href=\"\/\/cevenord-besseges.com\/index.php\/portfolio\/so-sports\/\" class=\"cbp-caption cbp-simpleLink\" data-title=\"Coffee Time\" style=\"\"><div class=\"cbp-caption-defaultWrap\"><img decoding=\"async\" src=\"\/\/cevenord-besseges.com\/wp-content\/uploads\/2025\/10\/so-sport-vignette.jpg\" alt=\"\"><\/div><div class=\"cbp-caption-activeWrap\"><div class=\"cbp-l-caption-alignLeft\"><div class=\"cbp-l-caption-body\"><div class=\"cbp-l-caption-title\">Salle de sport<\/div><div class=\"cbp-l-caption-desc\">Remise en forme \u00e0 Conroc<\/div><\/div><\/div><\/div><\/a><\/div><div class=\"cbp-item des-project slider\"><a href=\"\/\/cevenord-besseges.com\/index.php\/portfolio\/osb-drums\/\" class=\"cbp-caption cbp-simpleLink\" data-title=\"Sketchbook A4\" style=\"\"><div class=\"cbp-caption-defaultWrap\"><img decoding=\"async\" src=\"\/\/cevenord-besseges.com\/wp-content\/uploads\/2025\/10\/percu-1-copie-2-2.jpg\" alt=\"\"><\/div><div class=\"cbp-caption-activeWrap\"><div class=\"cbp-l-caption-alignLeft\"><div class=\"cbp-l-caption-body\"><div class=\"cbp-l-caption-title\">OSB DRUM<\/div><div class=\"cbp-l-caption-desc\">Artisan de percussions en m\u00e9tal<\/div><\/div><\/div><\/div><\/a><\/div><div class=\"cbp-item des-project slider cbp-ratio-even\" data-cbp-coverratio=\"4:3\"><a href=\"\/\/cevenord-besseges.com\/index.php\/portfolio\/ceze-discount\/\" class=\"cbp-caption cbp-simpleLink\" data-title=\"Blake Personal Watch\" style=\"\"><div class=\"cbp-caption-defaultWrap\"><img decoding=\"async\" src=\"\/\/cevenord-besseges.com\/wp-content\/uploads\/2025\/10\/ceze-adiscount.jpg\" alt=\"\"><\/div><div class=\"cbp-caption-activeWrap\"><div class=\"cbp-l-caption-alignLeft\"><div class=\"cbp-l-caption-body\"><div class=\"cbp-l-caption-title\">Magasin d'alimentation en destockage<\/div><div class=\"cbp-l-caption-desc\">Cevenord : 132 Rue Paul Vermale<\/div><\/div><\/div><\/div><\/a><\/div><div class=\"cbp-item des-project video\"><a href=\"\/\/cevenord-besseges.com\/index.php\/portfolio\/cave-grenier\/\" class=\"cbp-caption cbp-simpleLink\" data-title=\"Blake Print Paper\" style=\"\"><div class=\"cbp-caption-defaultWrap\"><img decoding=\"async\" src=\"\/\/cevenord-besseges.com\/wp-content\/uploads\/2025\/10\/delacav-augrenier.jpeg\" alt=\"\"><\/div><div class=\"cbp-caption-activeWrap\"><div class=\"cbp-l-caption-alignLeft\"><div class=\"cbp-l-caption-body\"><div class=\"cbp-l-caption-title\">De la cave au grenier<\/div><div class=\"cbp-l-caption-desc\">Recyclerie &amp; brocante<\/div><\/div><\/div><\/div><\/a><\/div><div class=\"cbp-item des-project slider\"><a href=\"\/\/cevenord-besseges.com\/index.php\/portfolio\/natural-woodwork\/\" class=\"cbp-caption cbp-simpleLink\" data-title=\"Office Materials\" style=\"\"><div class=\"cbp-caption-defaultWrap\"><img decoding=\"async\" src=\"\/\/cevenord-besseges.com\/wp-content\/uploads\/2025\/10\/Wood-vignette.jpg\" alt=\"\"><\/div><div class=\"cbp-caption-activeWrap\"><div class=\"cbp-l-caption-alignLeft\"><div class=\"cbp-l-caption-body\"><div class=\"cbp-l-caption-title\">Natural Woodwork<\/div><div class=\"cbp-l-caption-desc\">Artisan menuisier \u00e0 Conroc<\/div><\/div><\/div><\/div><\/a><\/div><div class=\"cbp-item des-project slider\"><a href=\"\/\/cevenord-besseges.com\/index.php\/portfolio\/tiny-houses\/\" class=\"cbp-caption cbp-simpleLink\" data-title=\"Apple Headphones\" style=\"\"><div class=\"cbp-caption-defaultWrap\"><img decoding=\"async\" src=\"\/\/cevenord-besseges.com\/wp-content\/uploads\/2025\/10\/Tiny-House.jpg\" alt=\"\"><\/div><div class=\"cbp-caption-activeWrap\"><div class=\"cbp-l-caption-alignLeft\"><div class=\"cbp-l-caption-body\"><div class=\"cbp-l-caption-title\">Tiny House<\/div><div class=\"cbp-l-caption-desc\">Constructeur de maisons sur roues \u00e0 Cevenord<\/div><\/div><\/div><\/div><\/a><\/div><div class=\"cbp-item des-project slider\"><a href=\"\/\/cevenord-besseges.com\/index.php\/portfolio\/casabieres\/\" class=\"cbp-caption cbp-simpleLink\" data-title=\"Sketchbook A4\" style=\"\"><div class=\"cbp-caption-defaultWrap\"><img decoding=\"async\" src=\"\/\/cevenord-besseges.com\/wp-content\/uploads\/2025\/11\/vignette-casa.jpg\" alt=\"\"><\/div><div class=\"cbp-caption-activeWrap\"><div class=\"cbp-l-caption-alignLeft\"><div class=\"cbp-l-caption-body\"><div class=\"cbp-l-caption-title\">Casa Bi\u00e8re<\/div><div class=\"cbp-l-caption-desc\">Brasseur artisanal \u00e0 Cevenord<\/div><\/div><\/div><\/div><\/a><\/div><div class=\"cbp-item des-project slider\"><a href=\"\/\/cevenord-besseges.com\/index.php\/portfolio\/copeaux-limaille-2\/\" class=\"cbp-caption cbp-simpleLink\" data-title=\"Sketchbook A4\" style=\"\"><div class=\"cbp-caption-defaultWrap\"><img decoding=\"async\" src=\"\/\/cevenord-besseges.com\/wp-content\/uploads\/2025\/11\/bal-2-vignette.jpg\" alt=\"\"><\/div><div class=\"cbp-caption-activeWrap\"><div class=\"cbp-l-caption-alignLeft\"><div class=\"cbp-l-caption-body\"><div class=\"cbp-l-caption-title\">Bess\u00e8ges Atelier Libre<\/div><div class=\"cbp-l-caption-desc\">Association d'ateliers de travail du m\u00e9tal, repas \u00e0 prix libre et concerts<\/div><\/div><\/div><\/div><\/a><\/div><div class=\"cbp-item des-project slider cbp-ratio-even\" data-cbp-coverratio=\"4:3\"><a href=\"\/\/cevenord-besseges.com\/index.php\/portfolio\/copeaux-limaille\/\" class=\"cbp-caption cbp-simpleLink\" data-title=\"Sketchbook A4\" style=\"\"><div class=\"cbp-caption-defaultWrap\"><img decoding=\"async\" src=\"\/\/cevenord-besseges.com\/wp-content\/uploads\/2025\/11\/limaille-vignette-1.jpg\" alt=\"\"><\/div><div class=\"cbp-caption-activeWrap\"><div class=\"cbp-l-caption-alignLeft\"><div class=\"cbp-l-caption-body\"><div class=\"cbp-l-caption-title\">Copeaux &amp; Limaille<\/div><div class=\"cbp-l-caption-desc\">Construction sur demandes de volets, portes, mobiliers, cuisines, escaliers, lampes, objets d\u00e9coratifs et agencements<\/div><\/div><\/div><\/div><\/a><\/div><div class=\"cbp-item des-project slider cbp-ratio-even\" data-cbp-coverratio=\"4:3\"><a href=\"\/\/cevenord-besseges.com\/index.php\/portfolio\/xray-equipement\/\" class=\"cbp-caption cbp-simpleLink\" data-title=\"Sketchbook A4\" style=\"\"><div class=\"cbp-caption-defaultWrap\"><img decoding=\"async\" src=\"\/\/cevenord-besseges.com\/wp-content\/uploads\/2025\/11\/x-ray-vignette-1.jpg\" alt=\"\"><\/div><div class=\"cbp-caption-activeWrap\"><div class=\"cbp-l-caption-alignLeft\"><div class=\"cbp-l-caption-body\"><div class=\"cbp-l-caption-title\">X-RAY EQUIPEMENT<\/div><div class=\"cbp-l-caption-desc\">Vente et r\u00e9paration de mat\u00e9riels \u00e9lectroniques sp\u00e9cialis\u00e9s pour v\u00e9t\u00e9rinaires<\/div><\/div><\/div><\/div><\/a><\/div><div class=\"cbp-item des-project slider cbp-ratio-even\" data-cbp-coverratio=\"4:3\"><a href=\"\/\/cevenord-besseges.com\/index.php\/portfolio\/climatisateurs-pompes-a-chaleur\/\" class=\"cbp-caption cbp-simpleLink\" data-title=\"Sketchbook A4\" style=\"\"><div class=\"cbp-caption-defaultWrap\"><img decoding=\"async\" src=\"\/\/cevenord-besseges.com\/wp-content\/uploads\/2025\/11\/pompe-chaleur-vignette.jpeg\" alt=\"\"><\/div><div class=\"cbp-caption-activeWrap\"><div class=\"cbp-l-caption-alignLeft\"><div class=\"cbp-l-caption-body\"><div class=\"cbp-l-caption-title\">SIMON MARTINEZ<\/div><div class=\"cbp-l-caption-desc\">Sp\u00e9cialiste en pompes \u00e0 chaleur et climatiseurs<\/div><\/div><\/div><\/div><\/a><\/div><div class=\"cbp-item des-project slider cbp-ratio-even\" data-cbp-coverratio=\"4:3\"><a href=\"\/\/cevenord-besseges.com\/index.php\/portfolio\/speed-kevin-entretien\/\" class=\"cbp-caption cbp-simpleLink\" data-title=\"Sketchbook A4\" style=\"\"><div class=\"cbp-caption-defaultWrap\"><img decoding=\"async\" src=\"\/\/cevenord-besseges.com\/wp-content\/uploads\/2025\/11\/speedy-vignette.jpg\" alt=\"\"><\/div><div class=\"cbp-caption-activeWrap\"><div class=\"cbp-l-caption-alignLeft\"><div class=\"cbp-l-caption-body\"><div class=\"cbp-l-caption-title\">SPEED KEVIN ENTRETIEN<\/div><div class=\"cbp-l-caption-desc\">Expertise paysag\u00e8re \u2014 \u00e9lagage en hauteur<\/div><\/div><\/div><\/div><\/a><\/div><div class=\"cbp-item des-project slider cbp-ratio-even\" data-cbp-coverratio=\"4:3\"><a href=\"\/\/cevenord-besseges.com\/index.php\/portfolio\/autour-du-bois\/\" class=\"cbp-caption cbp-simpleLink\" data-title=\"Sketchbook A4\" style=\"\"><div class=\"cbp-caption-defaultWrap\"><img decoding=\"async\" src=\"\/\/cevenord-besseges.com\/wp-content\/uploads\/2026\/02\/atdbois-vignette2.jpg\" alt=\"\"><\/div><div class=\"cbp-caption-activeWrap\"><div class=\"cbp-l-caption-alignLeft\"><div class=\"cbp-l-caption-body\"><div class=\"cbp-l-caption-title\">Au Tour Du Bois<\/div><div class=\"cbp-l-caption-desc\">Menuiserie traditionnelle<\/div><\/div><\/div><\/div><\/a><\/div><\/div><\/div><\/div><script type=\"text\/javascript\">this.initCubePortfolio =  this.initCubePortfolio || []; this.initCubePortfolio.push({id: 54, options: {\"filters\":\"\",\"loadMore\":\"\",\"loadMoreAction\":\"click\",\"search\":\"\",\"layoutMode\":\"grid\",\"sortToPreventGaps\":false,\"drag\":true,\"auto\":false,\"autoTimeout\":5000,\"autoPauseOnHover\":true,\"showNavigation\":true,\"showPagination\":true,\"rewindNav\":true,\"scrollByPage\":false,\"defaultFilter\":\"*\",\"filterDeeplinking\":false,\"animationType\":\"quicksand\",\"gridAdjustment\":\"responsive\",\"mediaQueries\":[{\"width\":1400,\"cols\":3},{\"width\":1170,\"cols\":3},{\"width\":1024,\"cols\":3},{\"width\":960,\"cols\":2},{\"width\":778,\"cols\":2},{\"width\":640,\"cols\":2},{\"width\":480,\"cols\":1}],\"gapHorizontal\":0,\"gapVertical\":0,\"caption\":\"zoom\",\"displayType\":\"sequentially\",\"displayTypeSpeed\":100,\"lightboxDelegate\":\".cbp-lightbox\",\"lightboxGallery\":true,\"lightboxTitleSrc\":\"data-title\",\"lightboxCounter\":\"<div class=\\\"cbp-popup-lightbox-counter\\\">{{current}} of {{total}}<\/div>\",\"singlePageDelegate\":\".cbp-singlePage\",\"singlePageDeeplinking\":true,\"singlePageStickyNavigation\":true,\"singlePageCounter\":\"<div class=\\\"cbp-popup-singlePage-counter\\\">{{current}} of {{total}}<\/div>\",\"singlePageAnimation\":\"middle\",\"singlePageInlineDelegate\":\".cbp-singlePageInline\",\"singlePageInlineDeeplinking\":false,\"singlePageInlinePosition\":\"below\",\"singlePageInlineInFocus\":true,\"plugins\":{},\"cols\":3,\"coverRatio\":\"4:3\",\"displayItemsLoadMore\":3}});<\/script>[\/vc_column][\/vc_row][vc_row][vc_column]<div class=\"ult-spacer spacer-69faae57cebc7\" data-id=\"69faae57cebc7\" data-height=\"80\" data-height-mobile=\"40\" data-height-tab=\"\" data-height-tab-portrait=\"\" data-height-mobile-landscape=\"40\" style=\"clear:both;display:block;\"><\/div>[\/vc_column][\/vc_row]<\/p>\n<\/div>","protected":false},"excerpt":{"rendered":"<p>[vc_row][vc_column][vc_empty_space height=\u00a0\u00bb30px\u00a0\u00bb][\/vc_column][\/vc_row][vc_row css=\u00a0\u00bb.vc_custom_1481908155292{padding-right: 0px !important;padding-left: 0px !important;}\u00a0\u00bb][vc_column][\/vc_column][\/vc_row][vc_row][vc_column][\/vc_column][\/vc_row]<\/p>\n","protected":false},"author":2,"featured_media":0,"parent":0,"menu_order":0,"comment_status":"closed","ping_status":"closed","template":"page.php","meta":{"footnotes":""},"class_list":["post-487","page","type-page","status-publish","hentry"],"_links":{"self":[{"href":"https:\/\/cevenord-besseges.com\/index.php\/wp-json\/wp\/v2\/pages\/487","targetHints":{"allow":["GET"]}}],"collection":[{"href":"https:\/\/cevenord-besseges.com\/index.php\/wp-json\/wp\/v2\/pages"}],"about":[{"href":"https:\/\/cevenord-besseges.com\/index.php\/wp-json\/wp\/v2\/types\/page"}],"author":[{"embeddable":true,"href":"https:\/\/cevenord-besseges.com\/index.php\/wp-json\/wp\/v2\/users\/2"}],"replies":[{"embeddable":true,"href":"https:\/\/cevenord-besseges.com\/index.php\/wp-json\/wp\/v2\/comments?post=487"}],"version-history":[{"count":8,"href":"https:\/\/cevenord-besseges.com\/index.php\/wp-json\/wp\/v2\/pages\/487\/revisions"}],"predecessor-version":[{"id":2381,"href":"https:\/\/cevenord-besseges.com\/index.php\/wp-json\/wp\/v2\/pages\/487\/revisions\/2381"}],"wp:attachment":[{"href":"https:\/\/cevenord-besseges.com\/index.php\/wp-json\/wp\/v2\/media?parent=487"}],"curies":[{"name":"wp","href":"https:\/\/api.w.org\/{rel}","templated":true}]}}