{"id":2244,"date":"2025-11-05T15:03:13","date_gmt":"2025-11-05T14:03:13","guid":{"rendered":"https:\/\/cevenord-besseges.com\/?page_id=2244"},"modified":"2025-11-13T14:36:56","modified_gmt":"2025-11-13T13:36:56","slug":"bureau-18-m2-a-conroc","status":"publish","type":"page","link":"https:\/\/cevenord-besseges.com\/index.php\/locations\/bureau-18-m2-a-conroc\/","title":{"rendered":"BUREAU 14 M2 \u00c0 CONROC &#8211; 150\u20ac \/ MOIS"},"content":{"rendered":"<div class=\"wpb-content-wrapper\"><p>[vc_row][vc_column][vc_separator css=\u00a0\u00bb\u00a0\u00bb]<div class=\"ult-spacer spacer-69fb1b9d9c7b4\" data-id=\"69fb1b9d9c7b4\" data-height=\"80\" data-height-mobile=\"50\" data-height-tab=\"80\" data-height-tab-portrait=\"60\" data-height-mobile-landscape=\"50\" style=\"clear:both;display:block;\"><\/div>[vc_column_text css=\u00a0\u00bb\u00a0\u00bb]<\/p>\n<div class=\"xdj266r x11i5rnm xat24cr x1mh8g0r x1vvkbs x126k92a\">\n<div dir=\"auto\">Location d&rsquo;un bureau de 14 m\u00b2 \u00e0 Conroc, 30160 Bess\u00e8ges.<\/div>\n<\/div>\n<div class=\"x11i5rnm xat24cr x1mh8g0r x1vvkbs xtlvy1s x126k92a\">\n<div dir=\"auto\">Parfait pour une profession lib\u00e9rale, para-m\u00e9dicale ou autres.<\/div>\n<\/div>\n<div class=\"x11i5rnm xat24cr x1mh8g0r x1vvkbs xtlvy1s x126k92a\">\n<div dir=\"auto\">\u2013 Hall d\u2019accueil \u2013 Toilettes (dans le hall d\u2019accueil).<\/div>\n<div dir=\"auto\">\u2013 Grand parking.<\/div>\n<div dir=\"auto\">\u2014 Local&nbsp; imm\u00e9diatement disponible.<\/div>\n<\/div>\n<div class=\"x11i5rnm xat24cr x1mh8g0r x1vvkbs xtlvy1s x126k92a\">\n<div dir=\"auto\">Le loyer de 150\u20ac inclut les charges (hors \u00e9lectricit\u00e9).<\/div>\n<\/div>\n<p>[\/vc_column_text][\/vc_column][\/vc_row][vc_row][vc_column][vc_btn title=\u00a0\u00bbAppelez-nous pour visiter !\u00a0\u00bb css=\u00a0\u00bb\u00a0\u00bb link=\u00a0\u00bburl:tel%3A%2B33612345678&Prime;]<style type='text\/css'>#cbpw-wrap76 {margin:0px 0px 0px 0px;}#cbpw-grid76 .cbp-l-caption-title {color:#FFFFFF;background-color:transparent;font-size:36px;font-family:Open Sans;font-weight:400;font-style:normal;line-height:21px;text-align:center;padding:0px 0px 0px 0px;margin:25% 0px 0px 0px;text-transform:none;}#cbpw-grid76 .cbp-l-caption-desc {color:#aaa;background-color:transparent;font-size:12px;font-family:Open Sans;font-weight:400;font-style:normal;line-height:16px;text-align:left;padding:0px 0px 0px 0px;margin:0px 0px 0px 0px;text-transform:none;}#cbpw-grid76 .cbp-caption-activeWrap {background-color:rgba(0,0,0,.35);}#cbpw-loadMore76 .cbp-l-loadMore-link {color:#7E7B7B;background-color:transparent;border-width:1px 1px 1px 1px;border-style:solid;border-color:#DEDEDE;font-size:12px;font-family:Open Sans,sans-serif;font-weight:400;font-style:normal;line-height:34px;text-align:center;padding:0px 30px 0px 30px;margin:40px 0px 0px 0px;text-transform:none;}#cbpw-loadMore76 .cbp-l-loadMore-link:hover {color:#B0B0B0;background-color:transparent;border-width:1px 1px 1px 1px;border-style:solid;border-color:#DEDEDE;font-size:12px;font-family:Open Sans,sans-serif;font-weight:400;font-style:normal;line-height:34px;text-align:center;padding:0px 30px 0px 30px;margin:40px 0px 0px 0px;text-transform:none;}#cbpw-loadMore76 .cbp-l-loadMore-loading {color:#B0B0B0;background-color:transparent;border-width:1px 1px 1px 1px;border-style:solid;border-color:#DEDEDE;font-size:12px;font-family:Open Sans,sans-serif;font-weight:400;font-style:normal;line-height:34px;text-align:center;padding:0px 30px 0px 30px;margin:40px 0px 0px 0px;text-transform:none;}#cbpw-loadMore76 .cbp-l-loadMore-loading:hover {color:#B0B0B0;background-color:transparent;border-width:1px 1px 1px 1px;border-style:solid;border-color:#DEDEDE;font-size:12px;font-family:Open Sans,sans-serif;font-weight:400;font-style:normal;line-height:34px;text-align:center;padding:0px 30px 0px 30px;margin:40px 0px 0px 0px;text-transform:none;}#cbpw-loadMore76 .cbp-l-loadMore-stop {color:#B0B0B0;background-color:transparent;border-width:1px 1px 1px 1px;border-style:solid;border-color:#DEDEDE;font-size:12px;font-family:Open Sans,sans-serif;font-weight:400;font-style:normal;line-height:34px;text-align:center;padding:0px 30px 0px 30px;margin:40px 0px 0px 0px;text-transform:none;}#cbpw-loadMore76 .cbp-l-loadMore-stop:hover {color:#B0B0B0;background-color:transparent;border-width:1px 1px 1px 1px;border-style:solid;border-color:#DEDEDE;font-size:12px;font-family:Open Sans,sans-serif;font-weight:400;font-style:normal;line-height:34px;text-align:center;padding:0px 30px 0px 30px;margin:40px 0px 0px 0px;text-transform:none;}#cbpw-singlePage76 .cbp-popup-navigation-wrap {background-color:#34425C;}#cbpw-singlePage76 .cbp-popup-singlePage-counter {color:#bbc0df;font-size:13px;font-family:Open Sans;font-weight:400;font-style:normal;}<\/style><link rel=\"stylesheet\" href=\"\/\/fonts.googleapis.com\/css?family=Open+Sans:400normal\" type=\"text\/css\" media=\"all\" property=\"stylesheet\"><div id=\"cbpw-wrap76\"><div id=\"cbpw-grid76\" class=\"cbp-l-grid-fullScreen cbp\"><div><div class=\"cbp-item logo cbp-ratio-even\" data-cbp-coverratio=\"4:3\"><a href=\"\/\/cevenord-besseges.com\/wp-content\/uploads\/2025\/11\/bureau-1-14m2-2.jpg\" class=\"cbp-caption cbp-lightbox\" data-title=\"150\u20ac\/mois\" style=\"\"><div class=\"cbp-caption-defaultWrap\"><img decoding=\"async\" src=\"\/\/cevenord-besseges.com\/wp-content\/uploads\/2025\/11\/bureau-1-14m2-1.jpg\" alt=\"\"><\/div><div class=\"cbp-caption-activeWrap\"><div class=\"cbp-l-caption-alignLeft\"><div class=\"cbp-l-caption-body\"><div class=\"cbp-l-caption-title\">BUREAU 14 M2<\/div><\/div><\/div><\/div><\/a><\/div><div class=\"cbp-item logo cbp-ratio-even\" data-cbp-coverratio=\"4:3\"><a href=\"\/\/cevenord-besseges.com\/wp-content\/uploads\/2025\/11\/bureau-14m2-interieur.jpg\" class=\"cbp-caption cbp-lightbox\" style=\"\"><div class=\"cbp-caption-defaultWrap\"><img decoding=\"async\" src=\"\/\/cevenord-besseges.com\/wp-content\/uploads\/2025\/11\/bureau-14m2-interieur.jpg\" alt=\"\"><\/div><div class=\"cbp-caption-activeWrap\"><div class=\"cbp-l-caption-alignLeft\"><div class=\"cbp-l-caption-body\"><div class=\"cbp-l-caption-title\">BUREAU 14 M2<\/div><\/div><\/div><\/div><\/a><\/div><\/div><\/div><\/div><script type=\"text\/javascript\">this.initCubePortfolio =  this.initCubePortfolio || []; this.initCubePortfolio.push({id: 76, options: {\"filters\":\"\",\"loadMore\":\"\",\"loadMoreAction\":\"click\",\"search\":\"\",\"layoutMode\":\"grid\",\"sortToPreventGaps\":false,\"drag\":true,\"auto\":false,\"autoTimeout\":5000,\"autoPauseOnHover\":true,\"showNavigation\":true,\"showPagination\":true,\"rewindNav\":true,\"scrollByPage\":false,\"defaultFilter\":\"*\",\"filterDeeplinking\":false,\"animationType\":\"fadeOutTop\",\"gridAdjustment\":\"responsive\",\"mediaQueries\":[{\"width\":1400,\"cols\":3},{\"width\":1170,\"cols\":3},{\"width\":1024,\"cols\":3},{\"width\":960,\"cols\":3},{\"width\":778,\"cols\":2},{\"width\":640,\"cols\":2},{\"width\":480,\"cols\":1}],\"gapHorizontal\":20,\"gapVertical\":20,\"caption\":\"zoom\",\"displayType\":\"bottomToTop\",\"displayTypeSpeed\":100,\"lightboxDelegate\":\".cbp-lightbox\",\"lightboxGallery\":true,\"lightboxTitleSrc\":\"data-title\",\"lightboxCounter\":\"<div class=\\\"cbp-popup-lightbox-counter\\\">{{current}} of {{total}}<\/div>\",\"singlePageDelegate\":\".cbp-singlePage\",\"singlePageDeeplinking\":true,\"singlePageStickyNavigation\":true,\"singlePageCounter\":\"<div class=\\\"cbp-popup-singlePage-counter\\\">{{current}} of {{total}}<\/div>\",\"singlePageAnimation\":\"middle\",\"singlePageInlineDelegate\":\".cbp-singlePageInline\",\"singlePageInlineDeeplinking\":false,\"singlePageInlinePosition\":\"above\",\"singlePageInlineInFocus\":true,\"plugins\":{},\"cols\":3,\"displayItemsLoadMore\":3,\"coverRatio\":\"16:9\"}});<\/script>[\/vc_column][\/vc_row][vc_row][vc_column]<div class=\"ult-spacer spacer-69fb1b9d9c838\" data-id=\"69fb1b9d9c838\" data-height=\"80\" data-height-mobile=\"50\" data-height-tab=\"80\" data-height-tab-portrait=\"60\" data-height-mobile-landscape=\"50\" style=\"clear:both;display:block;\"><\/div>[\/vc_column][\/vc_row]<\/p>\n<\/div>","protected":false},"excerpt":{"rendered":"<p>[vc_row][vc_column][vc_separator css=\u00a0\u00bb\u00a0\u00bb][vc_column_text css=\u00a0\u00bb\u00a0\u00bb] Location d&rsquo;un bureau de 14 m\u00b2 \u00e0 Conroc, 30160 Bess\u00e8ges. Parfait pour une profession lib\u00e9rale, para-m\u00e9dicale ou autres. \u2013 Hall d\u2019accueil \u2013 Toilettes (dans le hall d\u2019accueil). \u2013 Grand parking. \u2014 Local&nbsp; imm\u00e9diatement disponible. Le loyer de 150\u20ac inclut les charges (hors \u00e9lectricit\u00e9). [\/vc_column_text][\/vc_column][\/vc_row][vc_row][vc_column][vc_btn title=\u00a0\u00bbAppelez-nous pour visiter !\u00a0\u00bb css=\u00a0\u00bb\u00a0\u00bb link=\u00a0\u00bburl:tel%3A%2B33612345678&Prime;][\/vc_column][\/vc_row][vc_row][vc_column][\/vc_column][\/vc_row]<\/p>\n","protected":false},"author":1,"featured_media":2308,"parent":386,"menu_order":0,"comment_status":"closed","ping_status":"closed","template":"page.php","meta":{"footnotes":""},"class_list":["post-2244","page","type-page","status-publish","has-post-thumbnail","hentry"],"_links":{"self":[{"href":"https:\/\/cevenord-besseges.com\/index.php\/wp-json\/wp\/v2\/pages\/2244","targetHints":{"allow":["GET"]}}],"collection":[{"href":"https:\/\/cevenord-besseges.com\/index.php\/wp-json\/wp\/v2\/pages"}],"about":[{"href":"https:\/\/cevenord-besseges.com\/index.php\/wp-json\/wp\/v2\/types\/page"}],"author":[{"embeddable":true,"href":"https:\/\/cevenord-besseges.com\/index.php\/wp-json\/wp\/v2\/users\/1"}],"replies":[{"embeddable":true,"href":"https:\/\/cevenord-besseges.com\/index.php\/wp-json\/wp\/v2\/comments?post=2244"}],"version-history":[{"count":13,"href":"https:\/\/cevenord-besseges.com\/index.php\/wp-json\/wp\/v2\/pages\/2244\/revisions"}],"predecessor-version":[{"id":2324,"href":"https:\/\/cevenord-besseges.com\/index.php\/wp-json\/wp\/v2\/pages\/2244\/revisions\/2324"}],"up":[{"embeddable":true,"href":"https:\/\/cevenord-besseges.com\/index.php\/wp-json\/wp\/v2\/pages\/386"}],"wp:featuredmedia":[{"embeddable":true,"href":"https:\/\/cevenord-besseges.com\/index.php\/wp-json\/wp\/v2\/media\/2308"}],"wp:attachment":[{"href":"https:\/\/cevenord-besseges.com\/index.php\/wp-json\/wp\/v2\/media?parent=2244"}],"curies":[{"name":"wp","href":"https:\/\/api.w.org\/{rel}","templated":true}]}}